{"id":9520,"date":"2026-02-12T09:16:44","date_gmt":"2026-02-12T09:16:44","guid":{"rendered":"https:\/\/rafsol.eu\/news\/"},"modified":"2026-02-16T09:13:40","modified_gmt":"2026-02-16T09:13:40","slug":"news","status":"publish","type":"page","link":"https:\/\/rafsol.eu\/en\/news\/","title":{"rendered":"News"},"content":{"rendered":"\t\t<div data-elementor-type=\"wp-page\" data-elementor-id=\"9520\" class=\"elementor elementor-9520 elementor-9501\">\n\t\t\t\t<div class=\"elementor-element elementor-element-88616b8 e-flex e-con-boxed e-con e-parent\" data-id=\"88616b8\" data-element_type=\"container\">\n\t\t\t\t\t<div class=\"e-con-inner\">\n\t\t\t\t<div class=\"elementor-element elementor-element-2084726 elementor-widget elementor-widget-wgl-blog\" data-id=\"2084726\" data-element_type=\"widget\" data-settings=\"{&quot;blog_columns&quot;:&quot;2&quot;}\" data-widget_type=\"wgl-blog.default\">\n\t\t\t\t<div class=\"elementor-widget-container\">\n\t\t\t\t\t<div class=\"wgl_cpt_section\"><div class=\"blog-posts\"><div class=\"container-grid blog_col-2 grid blog-style-standard\">    <div class=\"item\">\n    <div class=\"blog-post format-standard-image\">\n    <div class=\"blog-post_wrapper\"><div class=\"blog-post_media\"><div class=\"blog-post_media_part\"><a href=\"https:\/\/rafsol.eu\/en\/rafsol-group-at-eurogastro-world-hotel-2026\/\" class=\"media-link image-overlay\"><img decoding=\"async\" src=\"https:\/\/rafsol.eu\/wp-content\/uploads\/2026\/03\/Targi-Eurogastro-WOrld-Hotel-2026-ikona-1170x720.jpg\" alt=\"Targi Eurogastro World Hotel 2026\"><\/a><\/div><\/div>    <div class=\"blog-post_content\"><div class=\"post_meta-wrap\"><div class=\"meta-data\"><span class=\"post_date\">March 3, 2026<\/span><\/div><\/div><h4 class=\"blog-post_title\"><a href=\"https:\/\/rafsol.eu\/en\/rafsol-group-at-eurogastro-world-hotel-2026\/\">Rafsol Group at EUROGASTRO &#038; WORLD HOTEL 2026<\/a><\/h4><div class=\"clear\"><\/div><div class=\"blog-post_footer\"><div class=\"post_meta-wrap\"><\/div>    <\/div>\n    <\/div>\n    <\/div>\n    <\/div>\n    <\/div>    <div class=\"item\">\n    <div class=\"blog-post format-standard-image\">\n    <div class=\"blog-post_wrapper\"><div class=\"blog-post_media\"><div class=\"blog-post_media_part\"><a href=\"https:\/\/rafsol.eu\/en\/rafsol-group-at-expo-sweet-2026-in-warsaw\/\" class=\"media-link image-overlay\"><img decoding=\"async\" src=\"https:\/\/rafsol.eu\/wp-content\/uploads\/2026\/02\/Targi-Sweet-Expo-2026-ikona-1170x720.jpg\" alt=\"Targi Expo Sweet 2026 - Sweet Expo 2026\"><\/a><\/div><\/div>    <div class=\"blog-post_content\"><div class=\"post_meta-wrap\"><div class=\"meta-data\"><span class=\"post_date\">February 18, 2026<\/span><\/div><\/div><h4 class=\"blog-post_title\"><a href=\"https:\/\/rafsol.eu\/en\/rafsol-group-at-expo-sweet-2026-in-warsaw\/\">Rafsol Group at Expo Sweet 2026 in Warsaw<\/a><\/h4><div class=\"clear\"><\/div><div class=\"blog-post_footer\"><div class=\"post_meta-wrap\"><\/div>    <\/div>\n    <\/div>\n    <\/div>\n    <\/div>\n    <\/div>    <div class=\"item\">\n    <div class=\"blog-post format-standard-image\">\n    <div class=\"blog-post_wrapper\"><div class=\"blog-post_media\"><div class=\"blog-post_media_part\"><a href=\"https:\/\/rafsol.eu\/en\/new-bag-in-box-production-line-professional-frying-oil-series\/\" class=\"media-link image-overlay\"><img decoding=\"async\" src=\"https:\/\/rafsol.eu\/wp-content\/uploads\/2026\/02\/Frytury-bag-in-box-rafsol-group-nowa-linia-ikona-1170x720.jpg\" alt=\"Frytury i oleje w pojemnikach bag-in-box\"><\/a><\/div><\/div>    <div class=\"blog-post_content\"><div class=\"post_meta-wrap\"><div class=\"meta-data\"><span class=\"post_date\">February 16, 2026<\/span><\/div><\/div><h4 class=\"blog-post_title\"><a href=\"https:\/\/rafsol.eu\/en\/new-bag-in-box-production-line-professional-frying-oil-series\/\">New Bag-in-Box Production Line \u2013 PROFESSIONAL Frying Oil Series<\/a><\/h4><div class=\"clear\"><\/div><div class=\"blog-post_footer\"><div class=\"post_meta-wrap\"><\/div>    <\/div>\n    <\/div>\n    <\/div>\n    <\/div>\n    <\/div>    <div class=\"item\">\n    <div class=\"blog-post format-standard-image\">\n    <div class=\"blog-post_wrapper\"><div class=\"blog-post_media\"><div class=\"blog-post_media_part\"><a href=\"https:\/\/rafsol.eu\/en\/new-production-line-fats-and-frying-oils-in-cardboard-packaging\/\" class=\"media-link image-overlay\"><img decoding=\"async\" src=\"https:\/\/rafsol.eu\/wp-content\/uploads\/2026\/02\/Nowa-linia-produkcyjna-tluszcze-frytury-opakowania-kartonowe-ikona-1170x720.jpg\" alt=\"T\u0142uszcze i frytury w opakowaniach kartonowych, w kartonach\"><\/a><\/div><\/div>    <div class=\"blog-post_content\"><div class=\"post_meta-wrap\"><div class=\"meta-data\"><span class=\"post_date\">February 11, 2026<\/span><\/div><\/div><h4 class=\"blog-post_title\"><a href=\"https:\/\/rafsol.eu\/en\/new-production-line-fats-and-frying-oils-in-cardboard-packaging\/\">New Production Line \u2013 Fats and Frying Oils in Cardboard Packaging<\/a><\/h4><div class=\"clear\"><\/div><div class=\"blog-post_footer\"><div class=\"post_meta-wrap\"><\/div>    <\/div>\n    <\/div>\n    <\/div>\n    <\/div>\n    <\/div>    <div class=\"item\">\n    <div class=\"blog-post format-standard-image\">\n    <div class=\"blog-post_wrapper\"><div class=\"blog-post_media\"><div class=\"blog-post_media_part\"><a href=\"https:\/\/rafsol.eu\/en\/opening-of-the-new-rafsol-group-factory-in-zabrze-poland\/\" class=\"media-link image-overlay\"><img decoding=\"async\" src=\"https:\/\/rafsol.eu\/wp-content\/uploads\/2025\/09\/Rafsol-Group-fabryka-1170x720.jpg\" alt=\"Opening of the New Rafsol Group Factory in Zabrze, Poland\"><\/a><\/div><\/div>    <div class=\"blog-post_content\"><div class=\"post_meta-wrap\"><div class=\"meta-data\"><span class=\"post_date\">September 8, 2025<\/span><\/div><\/div><h4 class=\"blog-post_title\"><a href=\"https:\/\/rafsol.eu\/en\/opening-of-the-new-rafsol-group-factory-in-zabrze-poland\/\">Opening of the New Rafsol Group Factory in Zabrze, Poland<\/a><\/h4><div class=\"clear\"><\/div><div class=\"blog-post_footer\"><div class=\"post_meta-wrap\"><\/div>    <\/div>\n    <\/div>\n    <\/div>\n    <\/div>\n    <\/div>    <div class=\"item\">\n    <div class=\"blog-post format-standard-image\">\n    <div class=\"blog-post_wrapper\"><div class=\"blog-post_media\"><div class=\"blog-post_media_part\"><a href=\"https:\/\/rafsol.eu\/en\/bottled-fats-expansion-of-the-offer\/\" class=\"media-link image-overlay\"><img decoding=\"async\" src=\"https:\/\/rafsol.eu\/wp-content\/uploads\/2025\/10\/tluszcze-w-butelkach-rozbudowa-oferty-ikona-1170x720.jpg\" alt=\"tluszcze-w-butelkach-rozbudowa-oferty-ikona\"><\/a><\/div><\/div>    <div class=\"blog-post_content\"><div class=\"post_meta-wrap\"><div class=\"meta-data\"><span class=\"post_date\">March 10, 2025<\/span><\/div><\/div><h4 class=\"blog-post_title\"><a href=\"https:\/\/rafsol.eu\/en\/bottled-fats-expansion-of-the-offer\/\">Bottled fats &#8211; expansion of the offer<\/a><\/h4><div class=\"clear\"><\/div><div class=\"blog-post_footer\"><div class=\"post_meta-wrap\"><\/div>    <\/div>\n    <\/div>\n    <\/div>\n    <\/div>\n    <\/div>    <div class=\"item\">\n    <div class=\"blog-post format-standard-image\">\n    <div class=\"blog-post_wrapper\"><div class=\"blog-post_media\"><div class=\"blog-post_media_part\"><a href=\"https:\/\/rafsol.eu\/en\/new-in-the-offer-ibc-containers\/\" class=\"media-link image-overlay\"><img decoding=\"async\" src=\"https:\/\/rafsol.eu\/wp-content\/uploads\/2025\/11\/Zbiorniki-IBC-Rafsol-ikona-1170x720.jpg\" alt=\"Zbiorniki IBC oleje i t\u0142uszcze ro\u015blinne\"><\/a><\/div><\/div>    <div class=\"blog-post_content\"><div class=\"post_meta-wrap\"><div class=\"meta-data\"><span class=\"post_date\">January 18, 2024<\/span><\/div><\/div><h4 class=\"blog-post_title\"><a href=\"https:\/\/rafsol.eu\/en\/new-in-the-offer-ibc-containers\/\">New in the offer: IBC containers<\/a><\/h4><div class=\"clear\"><\/div><div class=\"blog-post_footer\"><div class=\"post_meta-wrap\"><\/div>    <\/div>\n    <\/div>\n    <\/div>\n    <\/div>\n    <\/div><\/div><\/div><\/div>\t\t\t\t<\/div>\n\t\t\t\t<\/div>\n\t\t\t\t\t<\/div>\n\t\t\t\t<\/div>\n\t\t\t\t<\/div>\n\t\t","protected":false},"excerpt":{"rendered":"<p>16 lutego, 2026 Nowa linia produkcyjna Bag-in-Box \u2013 seria frytur PROFESSIONAL 11 lutego, 2026 Nowa linia produkcyjna \u2013 t\u0142uszcze i frytury w opakowaniach kartonowych 8 wrze\u015bnia, 2025 Otwarcie nowej fabryki Rafsol Group w Zabrzu 10 marca, 2025 T\u0142uszcze w butelkach \u2013 rozbudowa oferty 18 stycznia, 2024 Nowo\u015b\u0107 w ofercie: Kontenery IBC<\/p>\n","protected":false},"author":2,"featured_media":0,"parent":0,"menu_order":0,"comment_status":"closed","ping_status":"closed","template":"","meta":{"footnotes":""},"class_list":["post-9520","page","type-page","status-publish","hentry"],"_links":{"self":[{"href":"https:\/\/rafsol.eu\/en\/wp-json\/wp\/v2\/pages\/9520","targetHints":{"allow":["GET"]}}],"collection":[{"href":"https:\/\/rafsol.eu\/en\/wp-json\/wp\/v2\/pages"}],"about":[{"href":"https:\/\/rafsol.eu\/en\/wp-json\/wp\/v2\/types\/page"}],"author":[{"embeddable":true,"href":"https:\/\/rafsol.eu\/en\/wp-json\/wp\/v2\/users\/2"}],"replies":[{"embeddable":true,"href":"https:\/\/rafsol.eu\/en\/wp-json\/wp\/v2\/comments?post=9520"}],"version-history":[{"count":10,"href":"https:\/\/rafsol.eu\/en\/wp-json\/wp\/v2\/pages\/9520\/revisions"}],"predecessor-version":[{"id":9581,"href":"https:\/\/rafsol.eu\/en\/wp-json\/wp\/v2\/pages\/9520\/revisions\/9581"}],"wp:attachment":[{"href":"https:\/\/rafsol.eu\/en\/wp-json\/wp\/v2\/media?parent=9520"}],"curies":[{"name":"wp","href":"https:\/\/api.w.org\/{rel}","templated":true}]}}